{"id":22,"date":"2015-07-09T16:31:44","date_gmt":"2015-07-09T16:31:44","guid":{"rendered":"http:\/\/americampc.com\/sitio\/?page_id=22"},"modified":"2023-08-03T13:17:24","modified_gmt":"2023-08-03T13:17:24","slug":"diseno-web-hosting-y-dominio-medellin","status":"publish","type":"page","link":"https:\/\/americampc.com\/sitio\/diseno-web-hosting-y-dominio-medellin\/","title":{"rendered":"DISE\u00d1O WEB HOSTING Y DOMINIO MEDELL\u00cdN"},"content":{"rendered":"<section class=\"wpb-content-wrapper\"><p>[vc_row][vc_column width=\u00bb1\/4&#8243;][vc_single_image image=\u00bb166&#8243; img_size=\u00bb400&#215;200&#8243; alignment=\u00bbcenter\u00bb css_animation=\u00bbappear\u00bb][\/vc_column][vc_column width=\u00bb3\/4&#8243;][vc_empty_space][vc_custom_heading text=\u00bbDISE\u00d1O WEB, HOSTING Y DOMINIO\u00bb font_container=\u00bbtag:h2|font_size:23|text_align:left|color:%233a3a3a\u00bb google_fonts=\u00bbfont_family:Roboto%20Condensed%3A300%2C300italic%2Cregular%2Citalic%2C700%2C700italic|font_style:700%20bold%20regular%3A700%3Anormal\u00bb][vc_message message_box_color=\u00bbpeacoc\u00bb icon_type=\u00bbentypo\u00bb css_animation=\u00bbappear\u00bb icon_entypo=\u00bbentypo-icon entypo-icon-lamp\u00bb]<span style=\"color: #808080;\">CONTAMOS CON EL SERVICIO DE <strong>DISE\u00d1O WEB, HOSTING Y DOMINIOS<\/strong> PARA SU EMPRESA CON NUESTRO ALIADO COMERCIAL<\/span> <span style=\"color: #008080;\"><a style=\"color: #008080;\" href=\"http:\/\/andagencia.com\">ALIANZANET DIGITAL<\/a>,<\/span> <span style=\"color: #808080;\">QUIENES PUEDEN ASESORARLE EN TODO EL TEMA WEB Y DE MERCADEO DIGITAL.<\/span>[\/vc_message][vc_btn title=\u00bbClick aqu\u00ed y conoce el Portafolio de Servicios\u00bb color=\u00bbturquoise\u00bb size=\u00bblg\u00bb align=\u00bbright\u00bb css_animation=\u00bbappear\u00bb link=\u00bburl:https%3A%2F%2Fandagencia.com%2Fservicios%2F\u00bb][\/vc_column][\/vc_row]<\/p>\n<\/section>","protected":false},"excerpt":{"rendered":"<p>[vc_row][vc_column width=\u00bb1\/4&#8243;][vc_single_image image=\u00bb166&#8243; img_size=\u00bb400&#215;200&#8243; alignment=\u00bbcenter\u00bb css_animation=\u00bbappear\u00bb][\/vc_column][vc_column width=\u00bb3\/4&#8243;][vc_empty_space][vc_custom_heading text=\u00bbDISE\u00d1O WEB, HOSTING Y DOMINIO\u00bb font_container=\u00bbtag:h2|font_size:23|text_align:left|color:%233a3a3a\u00bb google_fonts=\u00bbfont_family:Roboto%20Condensed%3A300%2C300italic%2Cregular%2Citalic%2C700%2C700italic|font_style:700%20bold%20regular%3A700%3Anormal\u00bb][vc_message message_box_color=\u00bbpeacoc\u00bb icon_type=\u00bbentypo\u00bb css_animation=\u00bbappear\u00bb icon_entypo=\u00bbentypo-icon entypo-icon-lamp\u00bb]CONTAMOS CON EL SERVICIO DE DISE\u00d1O WEB, HOSTING Y DOMINIOS PARA SU [&hellip;]<\/p>\n","protected":false},"author":1,"featured_media":0,"parent":0,"menu_order":0,"comment_status":"open","ping_status":"open","template":"","meta":{"_joinchat":[],"footnotes":""},"class_list":["post-22","page","type-page","status-publish","hentry"],"yoast_head":"<!-- This site is optimized with the Yoast SEO plugin v20.12 - https:\/\/yoast.com\/wordpress\/plugins\/seo\/ -->\n<title>Dise\u00f1o web hosting y dominio Medell\u00edn<\/title>\n<meta name=\"description\" content=\"Ofrecemos dise\u00f1o web, hosting y dominio en Medell\u00edn con nuestro aliado comercial alianzanetdigital.com Mercadeo digital y posicionamiento web\" \/>\n<meta name=\"robots\" content=\"index, follow, max-snippet:-1, max-image-preview:large, max-video-preview:-1\" \/>\n<link rel=\"canonical\" href=\"https:\/\/americampc.com\/sitio\/diseno-web-hosting-y-dominio-medellin\/\" \/>\n<meta property=\"og:locale\" content=\"es_ES\" \/>\n<meta property=\"og:type\" content=\"article\" \/>\n<meta property=\"og:title\" content=\"Dise\u00f1o web hosting y dominio Medell\u00edn\" \/>\n<meta property=\"og:description\" content=\"Ofrecemos dise\u00f1o web, hosting y dominio en Medell\u00edn con nuestro aliado comercial alianzanetdigital.com Mercadeo digital y posicionamiento web\" \/>\n<meta property=\"og:url\" content=\"https:\/\/americampc.com\/sitio\/diseno-web-hosting-y-dominio-medellin\/\" \/>\n<meta property=\"og:site_name\" content=\"Americampc\" \/>\n<meta property=\"article:modified_time\" content=\"2023-08-03T13:17:24+00:00\" \/>\n<meta name=\"twitter:card\" content=\"summary_large_image\" \/>\n<meta name=\"twitter:label1\" content=\"Tiempo de lectura\" \/>\n\t<meta name=\"twitter:data1\" content=\"1 minuto\" \/>\n<script type=\"application\/ld+json\" class=\"yoast-schema-graph\">{\"@context\":\"https:\/\/schema.org\",\"@graph\":[{\"@type\":\"WebPage\",\"@id\":\"https:\/\/americampc.com\/sitio\/diseno-web-hosting-y-dominio-medellin\/\",\"url\":\"https:\/\/americampc.com\/sitio\/diseno-web-hosting-y-dominio-medellin\/\",\"name\":\"Dise\u00f1o web hosting y dominio Medell\u00edn\",\"isPartOf\":{\"@id\":\"https:\/\/americampc.com\/sitio\/#website\"},\"datePublished\":\"2015-07-09T16:31:44+00:00\",\"dateModified\":\"2023-08-03T13:17:24+00:00\",\"description\":\"Ofrecemos dise\u00f1o web, hosting y dominio en Medell\u00edn con nuestro aliado comercial alianzanetdigital.com Mercadeo digital y posicionamiento web\",\"breadcrumb\":{\"@id\":\"https:\/\/americampc.com\/sitio\/diseno-web-hosting-y-dominio-medellin\/#breadcrumb\"},\"inLanguage\":\"es\",\"potentialAction\":[{\"@type\":\"ReadAction\",\"target\":[\"https:\/\/americampc.com\/sitio\/diseno-web-hosting-y-dominio-medellin\/\"]}]},{\"@type\":\"BreadcrumbList\",\"@id\":\"https:\/\/americampc.com\/sitio\/diseno-web-hosting-y-dominio-medellin\/#breadcrumb\",\"itemListElement\":[{\"@type\":\"ListItem\",\"position\":1,\"name\":\"Portada\",\"item\":\"https:\/\/americampc.com\/sitio\/\"},{\"@type\":\"ListItem\",\"position\":2,\"name\":\"DISE\u00d1O WEB HOSTING Y DOMINIO MEDELL\u00cdN\"}]},{\"@type\":\"WebSite\",\"@id\":\"https:\/\/americampc.com\/sitio\/#website\",\"url\":\"https:\/\/americampc.com\/sitio\/\",\"name\":\"Americampc\",\"description\":\"Venta de computadores, partes y suministros, sistemas de vigilancia\",\"potentialAction\":[{\"@type\":\"SearchAction\",\"target\":{\"@type\":\"EntryPoint\",\"urlTemplate\":\"https:\/\/americampc.com\/sitio\/?s={search_term_string}\"},\"query-input\":\"required name=search_term_string\"}],\"inLanguage\":\"es\"}]}<\/script>\n<!-- \/ Yoast SEO plugin. -->","yoast_head_json":{"title":"Dise\u00f1o web hosting y dominio Medell\u00edn","description":"Ofrecemos dise\u00f1o web, hosting y dominio en Medell\u00edn con nuestro aliado comercial alianzanetdigital.com Mercadeo digital y posicionamiento web","robots":{"index":"index","follow":"follow","max-snippet":"max-snippet:-1","max-image-preview":"max-image-preview:large","max-video-preview":"max-video-preview:-1"},"canonical":"https:\/\/americampc.com\/sitio\/diseno-web-hosting-y-dominio-medellin\/","og_locale":"es_ES","og_type":"article","og_title":"Dise\u00f1o web hosting y dominio Medell\u00edn","og_description":"Ofrecemos dise\u00f1o web, hosting y dominio en Medell\u00edn con nuestro aliado comercial alianzanetdigital.com Mercadeo digital y posicionamiento web","og_url":"https:\/\/americampc.com\/sitio\/diseno-web-hosting-y-dominio-medellin\/","og_site_name":"Americampc","article_modified_time":"2023-08-03T13:17:24+00:00","twitter_card":"summary_large_image","twitter_misc":{"Tiempo de lectura":"1 minuto"},"schema":{"@context":"https:\/\/schema.org","@graph":[{"@type":"WebPage","@id":"https:\/\/americampc.com\/sitio\/diseno-web-hosting-y-dominio-medellin\/","url":"https:\/\/americampc.com\/sitio\/diseno-web-hosting-y-dominio-medellin\/","name":"Dise\u00f1o web hosting y dominio Medell\u00edn","isPartOf":{"@id":"https:\/\/americampc.com\/sitio\/#website"},"datePublished":"2015-07-09T16:31:44+00:00","dateModified":"2023-08-03T13:17:24+00:00","description":"Ofrecemos dise\u00f1o web, hosting y dominio en Medell\u00edn con nuestro aliado comercial alianzanetdigital.com Mercadeo digital y posicionamiento web","breadcrumb":{"@id":"https:\/\/americampc.com\/sitio\/diseno-web-hosting-y-dominio-medellin\/#breadcrumb"},"inLanguage":"es","potentialAction":[{"@type":"ReadAction","target":["https:\/\/americampc.com\/sitio\/diseno-web-hosting-y-dominio-medellin\/"]}]},{"@type":"BreadcrumbList","@id":"https:\/\/americampc.com\/sitio\/diseno-web-hosting-y-dominio-medellin\/#breadcrumb","itemListElement":[{"@type":"ListItem","position":1,"name":"Portada","item":"https:\/\/americampc.com\/sitio\/"},{"@type":"ListItem","position":2,"name":"DISE\u00d1O WEB HOSTING Y DOMINIO MEDELL\u00cdN"}]},{"@type":"WebSite","@id":"https:\/\/americampc.com\/sitio\/#website","url":"https:\/\/americampc.com\/sitio\/","name":"Americampc","description":"Venta de computadores, partes y suministros, sistemas de vigilancia","potentialAction":[{"@type":"SearchAction","target":{"@type":"EntryPoint","urlTemplate":"https:\/\/americampc.com\/sitio\/?s={search_term_string}"},"query-input":"required name=search_term_string"}],"inLanguage":"es"}]}},"_links":{"self":[{"href":"https:\/\/americampc.com\/sitio\/wp-json\/wp\/v2\/pages\/22","targetHints":{"allow":["GET"]}}],"collection":[{"href":"https:\/\/americampc.com\/sitio\/wp-json\/wp\/v2\/pages"}],"about":[{"href":"https:\/\/americampc.com\/sitio\/wp-json\/wp\/v2\/types\/page"}],"author":[{"embeddable":true,"href":"https:\/\/americampc.com\/sitio\/wp-json\/wp\/v2\/users\/1"}],"replies":[{"embeddable":true,"href":"https:\/\/americampc.com\/sitio\/wp-json\/wp\/v2\/comments?post=22"}],"version-history":[{"count":7,"href":"https:\/\/americampc.com\/sitio\/wp-json\/wp\/v2\/pages\/22\/revisions"}],"predecessor-version":[{"id":167,"href":"https:\/\/americampc.com\/sitio\/wp-json\/wp\/v2\/pages\/22\/revisions\/167"}],"wp:attachment":[{"href":"https:\/\/americampc.com\/sitio\/wp-json\/wp\/v2\/media?parent=22"}],"curies":[{"name":"wp","href":"https:\/\/api.w.org\/{rel}","templated":true}]}}