{"id":24,"date":"2015-07-09T16:32:07","date_gmt":"2015-07-09T16:32:07","guid":{"rendered":"http:\/\/americampc.com\/sitio\/?page_id=24"},"modified":"2015-10-16T16:40:51","modified_gmt":"2015-10-16T16:40:51","slug":"quienes-somos","status":"publish","type":"page","link":"https:\/\/americampc.com\/sitio\/","title":{"rendered":"INICIO"},"content":{"rendered":"<section class=\"wpb-content-wrapper\"><p>[vc_row full_width=\u00bb\u00bb parallax=\u00bb\u00bb parallax_image=\u00bb\u00bb][vc_column width=\u00bb1\/6&#8243;][vc_icon type=\u00bbfontawesome\u00bb icon_fontawesome=\u00bbfa fa-thumbs-o-up\u00bb icon_openiconic=\u00bbvc-oi vc-oi-dial\u00bb icon_typicons=\u00bbtypcn typcn-adjust-brightness\u00bb icon_entypo=\u00bbentypo-icon entypo-icon-note\u00bb icon_linecons=\u00bbvc_li vc_li-heart\u00bb color=\u00bbcustom\u00bb background_color=\u00bbgrey\u00bb size=\u00bblg\u00bb align=\u00bbcenter\u00bb css_animation=\u00bbappear\u00bb custom_color=\u00bb#0f4484&#8243;][\/vc_column][vc_column width=\u00bb2\/3&#8243;][vc_custom_heading text=\u00bbBIENVENIDO A AMERICAM PC\u00bb font_container=\u00bbtag:h2|font_size:23|text_align:left|color:%233a3a3a\u00bb google_fonts=\u00bbfont_family:Roboto%20Condensed%3A300%2C300italic%2Cregular%2Citalic%2C700%2C700italic|font_style:700%20bold%20regular%3A700%3Anormal\u00bb][vc_column_text]<\/p>\n<p style=\"text-align: justify;\">Perm\u00edtanos asesorarle, para que haga una buena elecci\u00f3n a la hora de comprar un equipo. Nuestra idea no es s\u00f3lo venderle, sino que usted adquiera un producto a la medida de sus necesidades y no derroche dinero en productos que sub-utilizar\u00e1.<\/p>\n<ul>\n<li style=\"text-align: justify;\">Ofrecemos mantenimientos de computadores a particulares y empresas, montaje de sistemas de vigilancia seg\u00fan las necesidades de cada cliente.<\/li>\n<li style=\"text-align: justify;\">Servicio a domicilio con total transparencia.<\/li>\n<li style=\"text-align: justify;\">Solicite una cotizaci\u00f3n o cont\u00e1ctenos v\u00eda web por medio de nuestro chat, formulario, mail o telef\u00f3nicamente si lo prefiere.<\/li>\n<\/ul>\n<p>[\/vc_column_text]<div class=\"gap clearfix\" style=\"height: 10px;\"><\/div>[\/vc_column][vc_column width=\u00bb1\/6&#8243;][\/vc_column][\/vc_row][vc_row full_width=\u00bb\u00bb parallax=\u00bb\u00bb parallax_image=\u00bb\u00bb][vc_column width=\u00bb1\/6&#8243;][vc_icon type=\u00bbfontawesome\u00bb icon_fontawesome=\u00bbfa fa-star\u00bb icon_openiconic=\u00bbvc-oi vc-oi-dial\u00bb icon_typicons=\u00bbtypcn typcn-adjust-brightness\u00bb icon_entypo=\u00bbentypo-icon entypo-icon-note\u00bb icon_linecons=\u00bbvc_li vc_li-heart\u00bb color=\u00bbcustom\u00bb background_color=\u00bbgrey\u00bb size=\u00bblg\u00bb align=\u00bbcenter\u00bb css_animation=\u00bbappear\u00bb custom_color=\u00bb#0f4484&#8243;][\/vc_column][vc_column width=\u00bb2\/3&#8243;][vc_custom_heading text=\u00bb\u00bfPOR QU\u00c9 CONTRATAR NUESTROS SERVICIOS?\u00bb font_container=\u00bbtag:h2|font_size:23|text_align:left|color:%233a3a3a\u00bb google_fonts=\u00bbfont_family:Roboto%20Condensed%3A300%2C300italic%2Cregular%2Citalic%2C700%2C700italic|font_style:700%20bold%20regular%3A700%3Anormal\u00bb][vc_column_text]<\/p>\n<ul>\n<li>20 a\u00f1os de experiencia en el sector tecnol\u00f3gico con amplia cartera de clientes que avalan nuestra honestidad y profesionalismo.<\/li>\n<li>Soporte y garant\u00eda de servicio.<\/li>\n<li>Precios muy competitivos y gran relaci\u00f3n costo beneficio.<\/li>\n<li>Somos una empresa que est\u00e1 comprometida con el desarrollo social y la visi\u00f3n de comunidad.<\/li>\n<\/ul>\n<p>[\/vc_column_text]<div class=\"gap clearfix\" style=\"height: 10px;\"><\/div>[\/vc_column][vc_column width=\u00bb1\/6&#8243;][\/vc_column][\/vc_row][vc_row full_width=\u00bb\u00bb parallax=\u00bb\u00bb parallax_image=\u00bb\u00bb][vc_column width=\u00bb1\/6&#8243;][vc_icon type=\u00bbfontawesome\u00bb icon_fontawesome=\u00bbfa fa-child\u00bb icon_openiconic=\u00bbvc-oi vc-oi-dial\u00bb icon_typicons=\u00bbtypcn typcn-adjust-brightness\u00bb icon_entypo=\u00bbentypo-icon entypo-icon-note\u00bb icon_linecons=\u00bbvc_li vc_li-heart\u00bb color=\u00bbcustom\u00bb background_color=\u00bbgrey\u00bb size=\u00bblg\u00bb align=\u00bbcenter\u00bb css_animation=\u00bbappear\u00bb custom_color=\u00bb#0f4484&#8243;][\/vc_column][vc_column width=\u00bb2\/3&#8243;][vc_custom_heading text=\u00bbQUI\u00c9NES SOMOS\u00bb font_container=\u00bbtag:h2|font_size:23|text_align:left|color:%233a3a3a\u00bb google_fonts=\u00bbfont_family:Roboto%20Condensed%3A300%2C300italic%2Cregular%2Citalic%2C700%2C700italic|font_style:700%20bold%20regular%3A700%3Anormal\u00bb][vc_column_text]Somos una empresa dedicada a la comercializaci\u00f3n de tecnolog\u00eda, sistemas de vigilancia, mantenimiento y reparaci\u00f3n de computadores. Brindamos asesor\u00eda en soluciones tecnol\u00f3gicas para todo tipo de empresas.[\/vc_column_text]<div class=\"gap clearfix\" style=\"height: 10px;\"><\/div>[\/vc_column][vc_column width=\u00bb1\/6&#8243;][\/vc_column][\/vc_row][vc_row full_width=\u00bb\u00bb parallax=\u00bb\u00bb parallax_image=\u00bb\u00bb][vc_column width=\u00bb1\/3&#8243;][vc_icon type=\u00bbfontawesome\u00bb icon_fontawesome=\u00bbfa fa-paper-plane\u00bb icon_openiconic=\u00bbvc-oi vc-oi-dial\u00bb icon_typicons=\u00bbtypcn typcn-adjust-brightness\u00bb icon_entypo=\u00bbentypo-icon entypo-icon-note\u00bb icon_linecons=\u00bbvc_li vc_li-heart\u00bb color=\u00bbcustom\u00bb background_color=\u00bbgrey\u00bb size=\u00bblg\u00bb align=\u00bbcenter\u00bb css_animation=\u00bbappear\u00bb custom_color=\u00bb#0f4484&#8243;][vc_custom_heading text=\u00bbMISI\u00d3N\u00bb font_container=\u00bbtag:h2|font_size:20|text_align:center|color:%233a3a3a\u00bb google_fonts=\u00bbfont_family:Roboto%20Condensed%3A300%2C300italic%2Cregular%2Citalic%2C700%2C700italic|font_style:700%20bold%20regular%3A700%3Anormal\u00bb][vc_column_text]Nuestra misi\u00f3n es de brindar soporte y asesor\u00eda de forma externa a peque\u00f1as y medianas empresas que requieren servicios tecnol\u00f3gicos y que no cuentan con la capacidad para tener personal de planta. Asegurando calidad y atenci\u00f3n oportuna para cubrir cualquier novedad en el \u00e1rea de sistemas y monitoreo con c\u00e1maras de vigilancia.[\/vc_column_text][\/vc_column][vc_column width=\u00bb1\/3&#8243;][vc_icon type=\u00bbfontawesome\u00bb icon_fontawesome=\u00bbfa fa-lightbulb-o\u00bb icon_openiconic=\u00bbvc-oi vc-oi-dial\u00bb icon_typicons=\u00bbtypcn typcn-adjust-brightness\u00bb icon_entypo=\u00bbentypo-icon entypo-icon-note\u00bb icon_linecons=\u00bbvc_li vc_li-heart\u00bb color=\u00bbcustom\u00bb background_color=\u00bbgrey\u00bb size=\u00bblg\u00bb align=\u00bbcenter\u00bb css_animation=\u00bbappear\u00bb custom_color=\u00bb#0f4484&#8243;][vc_custom_heading text=\u00bbVISI\u00d3N\u00bb font_container=\u00bbtag:h2|font_size:20|text_align:center|color:%233a3a3a\u00bb google_fonts=\u00bbfont_family:Roboto%20Condensed%3A300%2C300italic%2Cregular%2Citalic%2C700%2C700italic|font_style:700%20bold%20regular%3A700%3Anormal\u00bb][vc_column_text]Buscamos posicionarnos para el 2017 a nivel nacional como una empresa l\u00edder en la distribuci\u00f3n de tecnolog\u00eda y prestaci\u00f3n de servicios t\u00e9cnicos para peque\u00f1as y medianas empresas.[\/vc_column_text][\/vc_column][vc_column width=\u00bb1\/3&#8243;][vc_icon type=\u00bbfontawesome\u00bb icon_fontawesome=\u00bbfa fa-cogs\u00bb icon_openiconic=\u00bbvc-oi vc-oi-dial\u00bb icon_typicons=\u00bbtypcn typcn-adjust-brightness\u00bb icon_entypo=\u00bbentypo-icon entypo-icon-note\u00bb icon_linecons=\u00bbvc_li vc_li-heart\u00bb color=\u00bbcustom\u00bb background_color=\u00bbgrey\u00bb size=\u00bblg\u00bb align=\u00bbcenter\u00bb css_animation=\u00bbappear\u00bb custom_color=\u00bb#0f4484&#8243;][vc_custom_heading text=\u00bbVALORES\u00bb font_container=\u00bbtag:h2|font_size:20|text_align:center|color:%233a3a3a\u00bb google_fonts=\u00bbfont_family:Roboto%20Condensed%3A300%2C300italic%2Cregular%2Citalic%2C700%2C700italic|font_style:700%20bold%20regular%3A700%3Anormal\u00bb][vc_progress_bar values=\u00bb100|HONESTIDAD,100|RESPETO,100|CUMPLIMIENTO,100|PROFESIONALISMO\u00bb bgcolor=\u00bbbar_black\u00bb options=\u00bbstriped,animated\u00bb units=\u00bb%\u00bb][\/vc_column][\/vc_row]<\/p>\n<\/section>","protected":false},"excerpt":{"rendered":"<p>[vc_row full_width=\u00bb\u00bb parallax=\u00bb\u00bb parallax_image=\u00bb\u00bb][vc_column width=\u00bb1\/6&#8243;][vc_icon type=\u00bbfontawesome\u00bb icon_fontawesome=\u00bbfa fa-thumbs-o-up\u00bb icon_openiconic=\u00bbvc-oi vc-oi-dial\u00bb icon_typicons=\u00bbtypcn typcn-adjust-brightness\u00bb icon_entypo=\u00bbentypo-icon entypo-icon-note\u00bb icon_linecons=\u00bbvc_li vc_li-heart\u00bb color=\u00bbcustom\u00bb background_color=\u00bbgrey\u00bb size=\u00bblg\u00bb align=\u00bbcenter\u00bb css_animation=\u00bbappear\u00bb custom_color=\u00bb#0f4484&#8243;][\/vc_column][vc_column width=\u00bb2\/3&#8243;][vc_custom_heading text=\u00bbBIENVENIDO A AMERICAM PC\u00bb font_container=\u00bbtag:h2|font_size:23|text_align:left|color:%233a3a3a\u00bb google_fonts=\u00bbfont_family:Roboto%20Condensed%3A300%2C300italic%2Cregular%2Citalic%2C700%2C700italic|font_style:700%20bold%20regular%3A700%3Anormal\u00bb][vc_column_text] Perm\u00edtanos [&hellip;]<\/p>\n","protected":false},"author":1,"featured_media":0,"parent":0,"menu_order":0,"comment_status":"open","ping_status":"open","template":"","meta":{"_joinchat":[],"footnotes":""},"class_list":["post-24","page","type-page","status-publish","hentry"],"yoast_head":"<!-- This site is optimized with the Yoast SEO plugin v20.12 - https:\/\/yoast.com\/wordpress\/plugins\/seo\/ -->\n<title>Mantenimiento de computadores y sistemas de vigilancia<\/title>\n<meta name=\"description\" content=\"Mantenimientos de computadores a particulares y empresas, montaje de sistemas de vigilancia y alarmas seg\u00fan las necesidades de cada cliente\" \/>\n<meta name=\"robots\" content=\"index, follow, max-snippet:-1, max-image-preview:large, max-video-preview:-1\" \/>\n<link rel=\"canonical\" href=\"https:\/\/americampc.com\/sitio\/\" \/>\n<meta property=\"og:locale\" content=\"es_ES\" \/>\n<meta property=\"og:type\" content=\"article\" \/>\n<meta property=\"og:title\" content=\"Mantenimiento de computadores y sistemas de vigilancia\" \/>\n<meta property=\"og:description\" content=\"Mantenimientos de computadores a particulares y empresas, montaje de sistemas de vigilancia y alarmas seg\u00fan las necesidades de cada cliente\" \/>\n<meta property=\"og:url\" content=\"https:\/\/americampc.com\/sitio\/\" \/>\n<meta property=\"og:site_name\" content=\"Americampc\" \/>\n<meta property=\"article:modified_time\" content=\"2015-10-16T16:40:51+00:00\" \/>\n<meta name=\"twitter:card\" content=\"summary_large_image\" \/>\n<meta name=\"twitter:label1\" content=\"Tiempo de lectura\" \/>\n\t<meta name=\"twitter:data1\" content=\"4 minutos\" \/>\n<script type=\"application\/ld+json\" class=\"yoast-schema-graph\">{\"@context\":\"https:\/\/schema.org\",\"@graph\":[{\"@type\":\"WebPage\",\"@id\":\"https:\/\/americampc.com\/sitio\/\",\"url\":\"https:\/\/americampc.com\/sitio\/\",\"name\":\"Mantenimiento de computadores y sistemas de vigilancia\",\"isPartOf\":{\"@id\":\"https:\/\/americampc.com\/sitio\/#website\"},\"datePublished\":\"2015-07-09T16:32:07+00:00\",\"dateModified\":\"2015-10-16T16:40:51+00:00\",\"description\":\"Mantenimientos de computadores a particulares y empresas, montaje de sistemas de vigilancia y alarmas seg\u00fan las necesidades de cada cliente\",\"breadcrumb\":{\"@id\":\"https:\/\/americampc.com\/sitio\/#breadcrumb\"},\"inLanguage\":\"es\",\"potentialAction\":[{\"@type\":\"ReadAction\",\"target\":[\"https:\/\/americampc.com\/sitio\/\"]}]},{\"@type\":\"BreadcrumbList\",\"@id\":\"https:\/\/americampc.com\/sitio\/#breadcrumb\",\"itemListElement\":[{\"@type\":\"ListItem\",\"position\":1,\"name\":\"Portada\",\"item\":\"https:\/\/americampc.com\/sitio\/\"},{\"@type\":\"ListItem\",\"position\":2,\"name\":\"INICIO\"}]},{\"@type\":\"WebSite\",\"@id\":\"https:\/\/americampc.com\/sitio\/#website\",\"url\":\"https:\/\/americampc.com\/sitio\/\",\"name\":\"Americampc\",\"description\":\"Venta de computadores, partes y suministros, sistemas de vigilancia\",\"potentialAction\":[{\"@type\":\"SearchAction\",\"target\":{\"@type\":\"EntryPoint\",\"urlTemplate\":\"https:\/\/americampc.com\/sitio\/?s={search_term_string}\"},\"query-input\":\"required name=search_term_string\"}],\"inLanguage\":\"es\"}]}<\/script>\n<!-- \/ Yoast SEO plugin. -->","yoast_head_json":{"title":"Mantenimiento de computadores y sistemas de vigilancia","description":"Mantenimientos de computadores a particulares y empresas, montaje de sistemas de vigilancia y alarmas seg\u00fan las necesidades de cada cliente","robots":{"index":"index","follow":"follow","max-snippet":"max-snippet:-1","max-image-preview":"max-image-preview:large","max-video-preview":"max-video-preview:-1"},"canonical":"https:\/\/americampc.com\/sitio\/","og_locale":"es_ES","og_type":"article","og_title":"Mantenimiento de computadores y sistemas de vigilancia","og_description":"Mantenimientos de computadores a particulares y empresas, montaje de sistemas de vigilancia y alarmas seg\u00fan las necesidades de cada cliente","og_url":"https:\/\/americampc.com\/sitio\/","og_site_name":"Americampc","article_modified_time":"2015-10-16T16:40:51+00:00","twitter_card":"summary_large_image","twitter_misc":{"Tiempo de lectura":"4 minutos"},"schema":{"@context":"https:\/\/schema.org","@graph":[{"@type":"WebPage","@id":"https:\/\/americampc.com\/sitio\/","url":"https:\/\/americampc.com\/sitio\/","name":"Mantenimiento de computadores y sistemas de vigilancia","isPartOf":{"@id":"https:\/\/americampc.com\/sitio\/#website"},"datePublished":"2015-07-09T16:32:07+00:00","dateModified":"2015-10-16T16:40:51+00:00","description":"Mantenimientos de computadores a particulares y empresas, montaje de sistemas de vigilancia y alarmas seg\u00fan las necesidades de cada cliente","breadcrumb":{"@id":"https:\/\/americampc.com\/sitio\/#breadcrumb"},"inLanguage":"es","potentialAction":[{"@type":"ReadAction","target":["https:\/\/americampc.com\/sitio\/"]}]},{"@type":"BreadcrumbList","@id":"https:\/\/americampc.com\/sitio\/#breadcrumb","itemListElement":[{"@type":"ListItem","position":1,"name":"Portada","item":"https:\/\/americampc.com\/sitio\/"},{"@type":"ListItem","position":2,"name":"INICIO"}]},{"@type":"WebSite","@id":"https:\/\/americampc.com\/sitio\/#website","url":"https:\/\/americampc.com\/sitio\/","name":"Americampc","description":"Venta de computadores, partes y suministros, sistemas de vigilancia","potentialAction":[{"@type":"SearchAction","target":{"@type":"EntryPoint","urlTemplate":"https:\/\/americampc.com\/sitio\/?s={search_term_string}"},"query-input":"required name=search_term_string"}],"inLanguage":"es"}]}},"_links":{"self":[{"href":"https:\/\/americampc.com\/sitio\/wp-json\/wp\/v2\/pages\/24","targetHints":{"allow":["GET"]}}],"collection":[{"href":"https:\/\/americampc.com\/sitio\/wp-json\/wp\/v2\/pages"}],"about":[{"href":"https:\/\/americampc.com\/sitio\/wp-json\/wp\/v2\/types\/page"}],"author":[{"embeddable":true,"href":"https:\/\/americampc.com\/sitio\/wp-json\/wp\/v2\/users\/1"}],"replies":[{"embeddable":true,"href":"https:\/\/americampc.com\/sitio\/wp-json\/wp\/v2\/comments?post=24"}],"version-history":[{"count":17,"href":"https:\/\/americampc.com\/sitio\/wp-json\/wp\/v2\/pages\/24\/revisions"}],"predecessor-version":[{"id":137,"href":"https:\/\/americampc.com\/sitio\/wp-json\/wp\/v2\/pages\/24\/revisions\/137"}],"wp:attachment":[{"href":"https:\/\/americampc.com\/sitio\/wp-json\/wp\/v2\/media?parent=24"}],"curies":[{"name":"wp","href":"https:\/\/api.w.org\/{rel}","templated":true}]}}