{"id":34,"date":"2015-07-09T16:47:58","date_gmt":"2015-07-09T16:47:58","guid":{"rendered":"http:\/\/americampc.com\/sitio\/?page_id=34"},"modified":"2023-08-03T17:38:25","modified_gmt":"2023-08-03T17:38:25","slug":"sistemas-de-vigilancia-por-camara","status":"publish","type":"page","link":"https:\/\/americampc.com\/sitio\/sistemas-de-vigilancia-por-camara\/","title":{"rendered":"SISTEMAS DE VIGILANCIA"},"content":{"rendered":"<section class=\"wpb-content-wrapper\"><p>[vc_row][vc_column width=\u00bb2\/3&#8243;][vc_custom_heading text=\u00bbRedes y equipos de comunicaci\u00f3n. Sistemas de vigilancia por c\u00e1maras.\u00bb font_container=\u00bbtag:h2|font_size:23|text_align:left|color:%233a3a3a\u00bb google_fonts=\u00bbfont_family:Roboto%20Condensed%3A300%2C300italic%2Cregular%2Citalic%2C700%2C700italic|font_style:700%20bold%20regular%3A700%3Anormal\u00bb][vc_column_text]Con nuestro <strong>sistema de vigilancia por c\u00e1maras<\/strong> le brindamos toda la asesor\u00eda para la estructuraci\u00f3n de su sistema de c\u00e1maras de seguridad, el cual incluye un an\u00e1lisis de ubicaci\u00f3n de c\u00e1maras, dispositivos y c\u00e1maras adecuadas para cada lugar dependiendo de necesidades de luz y \u00e1ngulo de visi\u00f3n de las mismas.<\/p>\n<p>Ofrecemos servicio con acceso a las c\u00e1maras por internet, donde pueden visualizar las c\u00e1maras a trav\u00e9s de PC o de dispositivos m\u00f3viles. El sistema cuenta con DVR que graba lo captado por las c\u00e1maras y que se maneja desde una pantalla.<\/p>\n<p>Por otra parte ofrecemos el servicio de alarmas, el cual es un avanzado sistema de seguridad, de alta tecnolog\u00eda de comunicaci\u00f3n inal\u00e1mbrica v\u00eda radio. Si ocurre una emergencia el sistema de seguridad llamar\u00e1 a los 7 n\u00fameros de tel\u00e9fonos fijos o m\u00f3viles que previamente se han memorizado en la central, al contestar usted escuchara el mensaje de voz previamente grabado, adem\u00e1s se activara la sirena para ahuyentar al ladr\u00f3n. Cuenta con 2 controles remotos que funcionan como bot\u00f3n de p\u00e1nico.<\/p>\n<p>Dise\u00f1amos el sistema de c\u00e1maras que se ajuste a su presupuesto y distribuci\u00f3n del espacio a vigilar[\/vc_column_text][vc_cta h2=\u00bb\u00bb style=\u00bb3d\u00bb color=\u00bbblue\u00bb css_animation=\u00bbappear\u00bb]TAMBIEN HACEMOS MANTENIMIENTO DE SISTEMAS DE VIGILANCIA[\/vc_cta][\/vc_column][vc_column width=\u00bb1\/3&#8243;][vc_empty_space height=\u00bb120px\u00bb][vc_single_image image=\u00bb119&#8243; img_size=\u00bbmedium\u00bb alignment=\u00bbcenter\u00bb style=\u00bbvc_box_shadow_circle_2&#8243; css_animation=\u00bbappear\u00bb][vc_empty_space height=\u00bb120px\u00bb][vc_btn title=\u00bbConsulte ya!\u00bb color=\u00bbsuccess\u00bb size=\u00bblg\u00bb align=\u00bbcenter\u00bb i_icon_fontawesome=\u00bbfab fa-whatsapp\u00bb add_icon=\u00bbtrue\u00bb link=\u00bburl:https%3A%2F%2Fwa.me%2F573105055413|target:_blank\u00bb][\/vc_column][\/vc_row]<\/p>\n<\/section>","protected":false},"excerpt":{"rendered":"<p>[vc_row][vc_column width=\u00bb2\/3&#8243;][vc_custom_heading text=\u00bbRedes y equipos de comunicaci\u00f3n. Sistemas de vigilancia por c\u00e1maras.\u00bb font_container=\u00bbtag:h2|font_size:23|text_align:left|color:%233a3a3a\u00bb google_fonts=\u00bbfont_family:Roboto%20Condensed%3A300%2C300italic%2Cregular%2Citalic%2C700%2C700italic|font_style:700%20bold%20regular%3A700%3Anormal\u00bb][vc_column_text]Con nuestro sistema de vigilancia por c\u00e1maras le brindamos toda la asesor\u00eda para la estructuraci\u00f3n de su [&hellip;]<\/p>\n","protected":false},"author":1,"featured_media":0,"parent":0,"menu_order":0,"comment_status":"open","ping_status":"open","template":"","meta":{"_joinchat":[],"footnotes":""},"class_list":["post-34","page","type-page","status-publish","hentry"],"yoast_head":"<!-- This site is optimized with the Yoast SEO plugin v20.12 - https:\/\/yoast.com\/wordpress\/plugins\/seo\/ -->\n<title>Sistemas de vigilancia por c\u00e1maras<\/title>\n<meta name=\"description\" content=\"Estructuraci\u00f3n de sistemas de vigilancia por c\u00e1maras de seguridad para empresas o residencial. Acceso a las c\u00e1maras por internet.\" \/>\n<meta name=\"robots\" content=\"index, follow, max-snippet:-1, max-image-preview:large, max-video-preview:-1\" \/>\n<link rel=\"canonical\" href=\"https:\/\/americampc.com\/sitio\/sistemas-de-vigilancia-por-camara\/\" \/>\n<meta property=\"og:locale\" content=\"es_ES\" \/>\n<meta property=\"og:type\" content=\"article\" \/>\n<meta property=\"og:title\" content=\"Sistemas de vigilancia por c\u00e1maras\" \/>\n<meta property=\"og:description\" content=\"Estructuraci\u00f3n de sistemas de vigilancia por c\u00e1maras de seguridad para empresas o residencial. Acceso a las c\u00e1maras por internet.\" \/>\n<meta property=\"og:url\" content=\"https:\/\/americampc.com\/sitio\/sistemas-de-vigilancia-por-camara\/\" \/>\n<meta property=\"og:site_name\" content=\"Americampc\" \/>\n<meta property=\"article:modified_time\" content=\"2023-08-03T17:38:25+00:00\" \/>\n<meta name=\"twitter:card\" content=\"summary_large_image\" \/>\n<meta name=\"twitter:label1\" content=\"Tiempo de lectura\" \/>\n\t<meta name=\"twitter:data1\" content=\"2 minutos\" \/>\n<script type=\"application\/ld+json\" class=\"yoast-schema-graph\">{\"@context\":\"https:\/\/schema.org\",\"@graph\":[{\"@type\":\"WebPage\",\"@id\":\"https:\/\/americampc.com\/sitio\/sistemas-de-vigilancia-por-camara\/\",\"url\":\"https:\/\/americampc.com\/sitio\/sistemas-de-vigilancia-por-camara\/\",\"name\":\"Sistemas de vigilancia por c\u00e1maras\",\"isPartOf\":{\"@id\":\"https:\/\/americampc.com\/sitio\/#website\"},\"datePublished\":\"2015-07-09T16:47:58+00:00\",\"dateModified\":\"2023-08-03T17:38:25+00:00\",\"description\":\"Estructuraci\u00f3n de sistemas de vigilancia por c\u00e1maras de seguridad para empresas o residencial. Acceso a las c\u00e1maras por internet.\",\"breadcrumb\":{\"@id\":\"https:\/\/americampc.com\/sitio\/sistemas-de-vigilancia-por-camara\/#breadcrumb\"},\"inLanguage\":\"es\",\"potentialAction\":[{\"@type\":\"ReadAction\",\"target\":[\"https:\/\/americampc.com\/sitio\/sistemas-de-vigilancia-por-camara\/\"]}]},{\"@type\":\"BreadcrumbList\",\"@id\":\"https:\/\/americampc.com\/sitio\/sistemas-de-vigilancia-por-camara\/#breadcrumb\",\"itemListElement\":[{\"@type\":\"ListItem\",\"position\":1,\"name\":\"Portada\",\"item\":\"https:\/\/americampc.com\/sitio\/\"},{\"@type\":\"ListItem\",\"position\":2,\"name\":\"SISTEMAS DE VIGILANCIA\"}]},{\"@type\":\"WebSite\",\"@id\":\"https:\/\/americampc.com\/sitio\/#website\",\"url\":\"https:\/\/americampc.com\/sitio\/\",\"name\":\"Americampc\",\"description\":\"Venta de computadores, partes y suministros, sistemas de vigilancia\",\"potentialAction\":[{\"@type\":\"SearchAction\",\"target\":{\"@type\":\"EntryPoint\",\"urlTemplate\":\"https:\/\/americampc.com\/sitio\/?s={search_term_string}\"},\"query-input\":\"required name=search_term_string\"}],\"inLanguage\":\"es\"}]}<\/script>\n<!-- \/ Yoast SEO plugin. -->","yoast_head_json":{"title":"Sistemas de vigilancia por c\u00e1maras","description":"Estructuraci\u00f3n de sistemas de vigilancia por c\u00e1maras de seguridad para empresas o residencial. Acceso a las c\u00e1maras por internet.","robots":{"index":"index","follow":"follow","max-snippet":"max-snippet:-1","max-image-preview":"max-image-preview:large","max-video-preview":"max-video-preview:-1"},"canonical":"https:\/\/americampc.com\/sitio\/sistemas-de-vigilancia-por-camara\/","og_locale":"es_ES","og_type":"article","og_title":"Sistemas de vigilancia por c\u00e1maras","og_description":"Estructuraci\u00f3n de sistemas de vigilancia por c\u00e1maras de seguridad para empresas o residencial. Acceso a las c\u00e1maras por internet.","og_url":"https:\/\/americampc.com\/sitio\/sistemas-de-vigilancia-por-camara\/","og_site_name":"Americampc","article_modified_time":"2023-08-03T17:38:25+00:00","twitter_card":"summary_large_image","twitter_misc":{"Tiempo de lectura":"2 minutos"},"schema":{"@context":"https:\/\/schema.org","@graph":[{"@type":"WebPage","@id":"https:\/\/americampc.com\/sitio\/sistemas-de-vigilancia-por-camara\/","url":"https:\/\/americampc.com\/sitio\/sistemas-de-vigilancia-por-camara\/","name":"Sistemas de vigilancia por c\u00e1maras","isPartOf":{"@id":"https:\/\/americampc.com\/sitio\/#website"},"datePublished":"2015-07-09T16:47:58+00:00","dateModified":"2023-08-03T17:38:25+00:00","description":"Estructuraci\u00f3n de sistemas de vigilancia por c\u00e1maras de seguridad para empresas o residencial. Acceso a las c\u00e1maras por internet.","breadcrumb":{"@id":"https:\/\/americampc.com\/sitio\/sistemas-de-vigilancia-por-camara\/#breadcrumb"},"inLanguage":"es","potentialAction":[{"@type":"ReadAction","target":["https:\/\/americampc.com\/sitio\/sistemas-de-vigilancia-por-camara\/"]}]},{"@type":"BreadcrumbList","@id":"https:\/\/americampc.com\/sitio\/sistemas-de-vigilancia-por-camara\/#breadcrumb","itemListElement":[{"@type":"ListItem","position":1,"name":"Portada","item":"https:\/\/americampc.com\/sitio\/"},{"@type":"ListItem","position":2,"name":"SISTEMAS DE VIGILANCIA"}]},{"@type":"WebSite","@id":"https:\/\/americampc.com\/sitio\/#website","url":"https:\/\/americampc.com\/sitio\/","name":"Americampc","description":"Venta de computadores, partes y suministros, sistemas de vigilancia","potentialAction":[{"@type":"SearchAction","target":{"@type":"EntryPoint","urlTemplate":"https:\/\/americampc.com\/sitio\/?s={search_term_string}"},"query-input":"required name=search_term_string"}],"inLanguage":"es"}]}},"_links":{"self":[{"href":"https:\/\/americampc.com\/sitio\/wp-json\/wp\/v2\/pages\/34","targetHints":{"allow":["GET"]}}],"collection":[{"href":"https:\/\/americampc.com\/sitio\/wp-json\/wp\/v2\/pages"}],"about":[{"href":"https:\/\/americampc.com\/sitio\/wp-json\/wp\/v2\/types\/page"}],"author":[{"embeddable":true,"href":"https:\/\/americampc.com\/sitio\/wp-json\/wp\/v2\/users\/1"}],"replies":[{"embeddable":true,"href":"https:\/\/americampc.com\/sitio\/wp-json\/wp\/v2\/comments?post=34"}],"version-history":[{"count":15,"href":"https:\/\/americampc.com\/sitio\/wp-json\/wp\/v2\/pages\/34\/revisions"}],"predecessor-version":[{"id":175,"href":"https:\/\/americampc.com\/sitio\/wp-json\/wp\/v2\/pages\/34\/revisions\/175"}],"wp:attachment":[{"href":"https:\/\/americampc.com\/sitio\/wp-json\/wp\/v2\/media?parent=34"}],"curies":[{"name":"wp","href":"https:\/\/api.w.org\/{rel}","templated":true}]}}