{"id":38,"date":"2015-07-09T16:48:42","date_gmt":"2015-07-09T16:48:42","guid":{"rendered":"http:\/\/americampc.com\/sitio\/?page_id=38"},"modified":"2015-10-19T14:47:07","modified_gmt":"2015-10-19T14:47:07","slug":"venta-de-computadores-y-accesorios","status":"publish","type":"page","link":"https:\/\/americampc.com\/sitio\/venta-de-computadores-y-accesorios\/","title":{"rendered":"VENTA DE COMPUTADORES Y ACCESORIOS"},"content":{"rendered":"<section class=\"wpb-content-wrapper\"><p>[vc_row full_width=\u00bb\u00bb parallax=\u00bb\u00bb parallax_image=\u00bb\u00bb][vc_column width=\u00bb2\/3&#8243;]<div class=\"gap clearfix\" style=\"height: 50px;\"><\/div>[vc_custom_heading text=\u00bbVENTA DE EQUIPOS\u00bb font_container=\u00bbtag:h2|font_size:23|text_align:left|color:%233a3a3a\u00bb google_fonts=\u00bbfont_family:Roboto%20Condensed%3A300%2C300italic%2Cregular%2Citalic%2C700%2C700italic|font_style:700%20bold%20regular%3A700%3Anormal\u00bb][vc_empty_space height=\u00bb12px\u00bb][vc_column_text]Ofrecemos <strong>venta de computadores y accesorios<\/strong> de la mas alta tecnolog\u00eda con garant\u00eda y soporte especializado. Le brindamos la mejor asesor\u00eda para la adquisici\u00f3n de equipos que se ajusten a sus necesidades y presupuesto con el fin de que realice la mejor inversi\u00f3n posible de acuerdo al requerimiento de uso del equipo a comprar[\/vc_column_text][\/vc_column][vc_column width=\u00bb1\/3&#8243;][vc_empty_space height=\u00bb12px\u00bb][vc_single_image image=\u00bb124&#8243; alignment=\u00bbcenter\u00bb style=\u00bbvc_box_shadow_circle_2&#8243; border_color=\u00bbgrey\u00bb img_link_large=\u00bb\u00bb img_link_target=\u00bb_self\u00bb css_animation=\u00bbappear\u00bb img_size=\u00bbmedium\u00bb][\/vc_column][\/vc_row]<\/p>\n<\/section>","protected":false},"excerpt":{"rendered":"<p>[vc_row full_width=\u00bb\u00bb parallax=\u00bb\u00bb parallax_image=\u00bb\u00bb][vc_column width=\u00bb2\/3&#8243;][vc_custom_heading text=\u00bbVENTA DE EQUIPOS\u00bb font_container=\u00bbtag:h2|font_size:23|text_align:left|color:%233a3a3a\u00bb google_fonts=\u00bbfont_family:Roboto%20Condensed%3A300%2C300italic%2Cregular%2Citalic%2C700%2C700italic|font_style:700%20bold%20regular%3A700%3Anormal\u00bb][vc_empty_space height=\u00bb12px\u00bb][vc_column_text]Ofrecemos venta de computadores y accesorios de la mas alta tecnolog\u00eda con garant\u00eda y soporte especializado. Le brindamos la mejor [&hellip;]<\/p>\n","protected":false},"author":1,"featured_media":0,"parent":0,"menu_order":0,"comment_status":"open","ping_status":"open","template":"","meta":{"_joinchat":[],"footnotes":""},"class_list":["post-38","page","type-page","status-publish","hentry"],"yoast_head":"<!-- This site is optimized with the Yoast SEO plugin v20.12 - https:\/\/yoast.com\/wordpress\/plugins\/seo\/ -->\n<title>Venta de computadores y accesorios<\/title>\n<meta name=\"description\" content=\"Venta de computadores y accesorios de la mas alta tecnolog\u00eda con garant\u00eda y soporte especializado. Asesor\u00eda para la adquisici\u00f3n de equipos\" \/>\n<meta name=\"robots\" content=\"index, follow, max-snippet:-1, max-image-preview:large, max-video-preview:-1\" \/>\n<link rel=\"canonical\" href=\"https:\/\/americampc.com\/sitio\/venta-de-computadores-y-accesorios\/\" \/>\n<meta property=\"og:locale\" content=\"es_ES\" \/>\n<meta property=\"og:type\" content=\"article\" \/>\n<meta property=\"og:title\" content=\"Venta de computadores y accesorios\" \/>\n<meta property=\"og:description\" content=\"Venta de computadores y accesorios de la mas alta tecnolog\u00eda con garant\u00eda y soporte especializado. Asesor\u00eda para la adquisici\u00f3n de equipos\" \/>\n<meta property=\"og:url\" content=\"https:\/\/americampc.com\/sitio\/venta-de-computadores-y-accesorios\/\" \/>\n<meta property=\"og:site_name\" content=\"Americampc\" \/>\n<meta property=\"article:modified_time\" content=\"2015-10-19T14:47:07+00:00\" \/>\n<meta name=\"twitter:card\" content=\"summary_large_image\" \/>\n<meta name=\"twitter:label1\" content=\"Tiempo de lectura\" \/>\n\t<meta name=\"twitter:data1\" content=\"1 minuto\" \/>\n<script type=\"application\/ld+json\" class=\"yoast-schema-graph\">{\"@context\":\"https:\/\/schema.org\",\"@graph\":[{\"@type\":\"WebPage\",\"@id\":\"https:\/\/americampc.com\/sitio\/venta-de-computadores-y-accesorios\/\",\"url\":\"https:\/\/americampc.com\/sitio\/venta-de-computadores-y-accesorios\/\",\"name\":\"Venta de computadores y accesorios\",\"isPartOf\":{\"@id\":\"https:\/\/americampc.com\/sitio\/#website\"},\"datePublished\":\"2015-07-09T16:48:42+00:00\",\"dateModified\":\"2015-10-19T14:47:07+00:00\",\"description\":\"Venta de computadores y accesorios de la mas alta tecnolog\u00eda con garant\u00eda y soporte especializado. Asesor\u00eda para la adquisici\u00f3n de equipos\",\"breadcrumb\":{\"@id\":\"https:\/\/americampc.com\/sitio\/venta-de-computadores-y-accesorios\/#breadcrumb\"},\"inLanguage\":\"es\",\"potentialAction\":[{\"@type\":\"ReadAction\",\"target\":[\"https:\/\/americampc.com\/sitio\/venta-de-computadores-y-accesorios\/\"]}]},{\"@type\":\"BreadcrumbList\",\"@id\":\"https:\/\/americampc.com\/sitio\/venta-de-computadores-y-accesorios\/#breadcrumb\",\"itemListElement\":[{\"@type\":\"ListItem\",\"position\":1,\"name\":\"Portada\",\"item\":\"https:\/\/americampc.com\/sitio\/\"},{\"@type\":\"ListItem\",\"position\":2,\"name\":\"VENTA DE COMPUTADORES Y ACCESORIOS\"}]},{\"@type\":\"WebSite\",\"@id\":\"https:\/\/americampc.com\/sitio\/#website\",\"url\":\"https:\/\/americampc.com\/sitio\/\",\"name\":\"Americampc\",\"description\":\"Venta de computadores, partes y suministros, sistemas de vigilancia\",\"potentialAction\":[{\"@type\":\"SearchAction\",\"target\":{\"@type\":\"EntryPoint\",\"urlTemplate\":\"https:\/\/americampc.com\/sitio\/?s={search_term_string}\"},\"query-input\":\"required name=search_term_string\"}],\"inLanguage\":\"es\"}]}<\/script>\n<!-- \/ Yoast SEO plugin. -->","yoast_head_json":{"title":"Venta de computadores y accesorios","description":"Venta de computadores y accesorios de la mas alta tecnolog\u00eda con garant\u00eda y soporte especializado. Asesor\u00eda para la adquisici\u00f3n de equipos","robots":{"index":"index","follow":"follow","max-snippet":"max-snippet:-1","max-image-preview":"max-image-preview:large","max-video-preview":"max-video-preview:-1"},"canonical":"https:\/\/americampc.com\/sitio\/venta-de-computadores-y-accesorios\/","og_locale":"es_ES","og_type":"article","og_title":"Venta de computadores y accesorios","og_description":"Venta de computadores y accesorios de la mas alta tecnolog\u00eda con garant\u00eda y soporte especializado. Asesor\u00eda para la adquisici\u00f3n de equipos","og_url":"https:\/\/americampc.com\/sitio\/venta-de-computadores-y-accesorios\/","og_site_name":"Americampc","article_modified_time":"2015-10-19T14:47:07+00:00","twitter_card":"summary_large_image","twitter_misc":{"Tiempo de lectura":"1 minuto"},"schema":{"@context":"https:\/\/schema.org","@graph":[{"@type":"WebPage","@id":"https:\/\/americampc.com\/sitio\/venta-de-computadores-y-accesorios\/","url":"https:\/\/americampc.com\/sitio\/venta-de-computadores-y-accesorios\/","name":"Venta de computadores y accesorios","isPartOf":{"@id":"https:\/\/americampc.com\/sitio\/#website"},"datePublished":"2015-07-09T16:48:42+00:00","dateModified":"2015-10-19T14:47:07+00:00","description":"Venta de computadores y accesorios de la mas alta tecnolog\u00eda con garant\u00eda y soporte especializado. Asesor\u00eda para la adquisici\u00f3n de equipos","breadcrumb":{"@id":"https:\/\/americampc.com\/sitio\/venta-de-computadores-y-accesorios\/#breadcrumb"},"inLanguage":"es","potentialAction":[{"@type":"ReadAction","target":["https:\/\/americampc.com\/sitio\/venta-de-computadores-y-accesorios\/"]}]},{"@type":"BreadcrumbList","@id":"https:\/\/americampc.com\/sitio\/venta-de-computadores-y-accesorios\/#breadcrumb","itemListElement":[{"@type":"ListItem","position":1,"name":"Portada","item":"https:\/\/americampc.com\/sitio\/"},{"@type":"ListItem","position":2,"name":"VENTA DE COMPUTADORES Y ACCESORIOS"}]},{"@type":"WebSite","@id":"https:\/\/americampc.com\/sitio\/#website","url":"https:\/\/americampc.com\/sitio\/","name":"Americampc","description":"Venta de computadores, partes y suministros, sistemas de vigilancia","potentialAction":[{"@type":"SearchAction","target":{"@type":"EntryPoint","urlTemplate":"https:\/\/americampc.com\/sitio\/?s={search_term_string}"},"query-input":"required name=search_term_string"}],"inLanguage":"es"}]}},"_links":{"self":[{"href":"https:\/\/americampc.com\/sitio\/wp-json\/wp\/v2\/pages\/38","targetHints":{"allow":["GET"]}}],"collection":[{"href":"https:\/\/americampc.com\/sitio\/wp-json\/wp\/v2\/pages"}],"about":[{"href":"https:\/\/americampc.com\/sitio\/wp-json\/wp\/v2\/types\/page"}],"author":[{"embeddable":true,"href":"https:\/\/americampc.com\/sitio\/wp-json\/wp\/v2\/users\/1"}],"replies":[{"embeddable":true,"href":"https:\/\/americampc.com\/sitio\/wp-json\/wp\/v2\/comments?post=38"}],"version-history":[{"count":9,"href":"https:\/\/americampc.com\/sitio\/wp-json\/wp\/v2\/pages\/38\/revisions"}],"predecessor-version":[{"id":147,"href":"https:\/\/americampc.com\/sitio\/wp-json\/wp\/v2\/pages\/38\/revisions\/147"}],"wp:attachment":[{"href":"https:\/\/americampc.com\/sitio\/wp-json\/wp\/v2\/media?parent=38"}],"curies":[{"name":"wp","href":"https:\/\/api.w.org\/{rel}","templated":true}]}}