{"id":42,"date":"2015-07-09T16:49:11","date_gmt":"2015-07-09T16:49:11","guid":{"rendered":"http:\/\/americampc.com\/sitio\/?page_id=42"},"modified":"2023-08-03T17:37:21","modified_gmt":"2023-08-03T17:37:21","slug":"servicio-tecnico-computadores-medellin","status":"publish","type":"page","link":"https:\/\/americampc.com\/sitio\/servicio-tecnico-computadores-medellin\/","title":{"rendered":"Servicio t\u00e9cnico computadores Medell\u00edn"},"content":{"rendered":"<section class=\"wpb-content-wrapper\"><p>[vc_row][vc_column][vc_single_image image=\u00bb151&#8243; img_size=\u00bbfull\u00bb][\/vc_column][\/vc_row][vc_row][vc_column width=\u00bb2\/3&#8243;][vc_custom_heading text=\u00bbSERVICIO T\u00c9CNICO EMPRESAS\u00bb font_container=\u00bbtag:h2|font_size:23|text_align:left|color:%233a3a3a\u00bb google_fonts=\u00bbfont_family:Roboto%20Condensed%3A300%2C300italic%2Cregular%2Citalic%2C700%2C700italic|font_style:700%20bold%20regular%3A700%3Anormal\u00bb]<div class=\"gap clearfix\" style=\"height: 10px;\"><\/div>[vc_column_text]Nuestro\u00a0<strong>Servicio t\u00e9cnico computadores Medell\u00edn<\/strong>\u00a0le brinda asesor\u00eda permanente en todo lo relacionado con las inquietudes y dificultades con los computadores y se realizan 3 mantenimientos preventivos\u00a0 al a\u00f1o. Incluye formateos, configuraciones e instalaci\u00f3n de software.<\/p>\n<p>Este contrato obliga a nuestra empresa a solucionar todos los problemas f\u00edsicos y l\u00f3gicos de los computadores que se especifiquen en el acuerdo de una manera permanente durante su vigencia y no ocasiona cobros adicionales por mano de obra o asesor\u00edas.<\/p>\n<p>No incluye repuestos ni responsabilidad por el mal manejo de los equipos \u00f2 por desacato a sugerencias en el caso de que alg\u00fan equipo no cumpla con las condiciones m\u00ednimas para suplir\u00a0 las necesidades del usuario.<\/p>\n<p>Es ideal para empresas certificadas en calidad o en proceso de certificaci\u00f3n, pues a cada equipo se le realiza una ficha t\u00e9cnica en donde se encuentran las especificaciones del equipo y sugerencias para el mismo as\u00ed como todos los cambios que se realicen sobre el mismo.<\/p>\n<p>Puede consultarnos sin compromiso y obtener mas detalles de este servicio.[\/vc_column_text][\/vc_column][vc_column width=\u00bb1\/3&#8243;]<div class=\"gap clearfix\" style=\"height: 80px;\"><\/div>[vc_single_image image=\u00bb116&#8243; img_size=\u00bbfull\u00bb style=\u00bbvc_box_shadow_circle_2&#8243; css_animation=\u00bbappear\u00bb][vc_empty_space][vc_btn title=\u00bbContacte ya!\u00bb color=\u00bbsuccess\u00bb size=\u00bblg\u00bb align=\u00bbcenter\u00bb i_icon_fontawesome=\u00bbfab fa-whatsapp\u00bb add_icon=\u00bbtrue\u00bb link=\u00bburl:https%3A%2F%2Fwa.me%2F573105055413|target:_blank\u00bb][\/vc_column][\/vc_row][vc_row][vc_column width=\u00bb1\/3&#8243;]<div class=\"gap clearfix\" style=\"height: 80px;\"><\/div>[vc_single_image image=\u00bb66&#8243; img_size=\u00bbfull\u00bb style=\u00bbvc_box_shadow_circle_2&#8243; css_animation=\u00bbappear\u00bb][vc_empty_space][vc_btn title=\u00bbContacte ya!\u00bb color=\u00bbsuccess\u00bb size=\u00bblg\u00bb align=\u00bbcenter\u00bb i_icon_fontawesome=\u00bbfab fa-whatsapp\u00bb add_icon=\u00bbtrue\u00bb link=\u00bburl:https%3A%2F%2Fwa.me%2F573105055413|target:_blank\u00bb][\/vc_column][vc_column width=\u00bb2\/3&#8243;][vc_custom_heading text=\u00bbSERVICIO T\u00c9CNICO PERSONAL\u00bb font_container=\u00bbtag:h2|font_size:23|text_align:left|color:%233a3a3a\u00bb google_fonts=\u00bbfont_family:Roboto%20Condensed%3A300%2C300italic%2Cregular%2Citalic%2C700%2C700italic|font_style:700%20bold%20regular%3A700%3Anormal\u00bb]<div class=\"gap clearfix\" style=\"height: 10px;\"><\/div>[vc_column_text]Nuestro\u00a0<strong>Servicio t\u00e9cnico computadores Medell\u00edn<\/strong> le brinda atenci\u00f3n a domicilio, realizamos reparaci\u00f3n y mantenimiento de equipos de c\u00f3mputo, cambios de disco duros, formateos, instalaci\u00f3n de sistema operativo y actualizaci\u00f3n del mismo.<\/p>\n<p>Consulte para mayor informaci\u00f3n[\/vc_column_text][\/vc_column][\/vc_row]<\/p>\n<\/section>","protected":false},"excerpt":{"rendered":"<p>[vc_row][vc_column][vc_single_image image=\u00bb151&#8243; img_size=\u00bbfull\u00bb][\/vc_column][\/vc_row][vc_row][vc_column width=\u00bb2\/3&#8243;][vc_custom_heading text=\u00bbSERVICIO T\u00c9CNICO EMPRESAS\u00bb font_container=\u00bbtag:h2|font_size:23|text_align:left|color:%233a3a3a\u00bb google_fonts=\u00bbfont_family:Roboto%20Condensed%3A300%2C300italic%2Cregular%2Citalic%2C700%2C700italic|font_style:700%20bold%20regular%3A700%3Anormal\u00bb][vc_column_text]Nuestro\u00a0Servicio t\u00e9cnico computadores Medell\u00edn\u00a0le brinda asesor\u00eda permanente en todo lo relacionado con las inquietudes y dificultades con los computadores y se realizan [&hellip;]<\/p>\n","protected":false},"author":1,"featured_media":0,"parent":0,"menu_order":0,"comment_status":"open","ping_status":"open","template":"","meta":{"_joinchat":[],"footnotes":""},"class_list":["post-42","page","type-page","status-publish","hentry"],"yoast_head":"<!-- This site is optimized with the Yoast SEO plugin v20.12 - https:\/\/yoast.com\/wordpress\/plugins\/seo\/ -->\n<title>Servicio tecnico computadores medellin<\/title>\n<meta name=\"description\" content=\"Servicio tecnico computadores medellin programado para empresas. Ideal en procesos de certificaci\u00f3n de calidad . Asesor\u00eda permanente y visitas ilimitadas\" \/>\n<meta name=\"robots\" content=\"index, follow, max-snippet:-1, max-image-preview:large, max-video-preview:-1\" \/>\n<link rel=\"canonical\" href=\"https:\/\/americampc.com\/sitio\/servicio-tecnico-computadores-medellin\/\" \/>\n<meta property=\"og:locale\" content=\"es_ES\" \/>\n<meta property=\"og:type\" content=\"article\" \/>\n<meta property=\"og:title\" content=\"Servicio tecnico computadores medellin\" \/>\n<meta property=\"og:description\" content=\"Servicio tecnico computadores medellin programado para empresas. Ideal en procesos de certificaci\u00f3n de calidad . Asesor\u00eda permanente y visitas ilimitadas\" \/>\n<meta property=\"og:url\" content=\"https:\/\/americampc.com\/sitio\/servicio-tecnico-computadores-medellin\/\" \/>\n<meta property=\"og:site_name\" content=\"Americampc\" \/>\n<meta property=\"article:modified_time\" content=\"2023-08-03T17:37:21+00:00\" \/>\n<meta name=\"twitter:card\" content=\"summary_large_image\" \/>\n<meta name=\"twitter:label1\" content=\"Tiempo de lectura\" \/>\n\t<meta name=\"twitter:data1\" content=\"2 minutos\" \/>\n<script type=\"application\/ld+json\" class=\"yoast-schema-graph\">{\"@context\":\"https:\/\/schema.org\",\"@graph\":[{\"@type\":\"WebPage\",\"@id\":\"https:\/\/americampc.com\/sitio\/servicio-tecnico-computadores-medellin\/\",\"url\":\"https:\/\/americampc.com\/sitio\/servicio-tecnico-computadores-medellin\/\",\"name\":\"Servicio tecnico computadores medellin\",\"isPartOf\":{\"@id\":\"https:\/\/americampc.com\/sitio\/#website\"},\"datePublished\":\"2015-07-09T16:49:11+00:00\",\"dateModified\":\"2023-08-03T17:37:21+00:00\",\"description\":\"Servicio tecnico computadores medellin programado para empresas. Ideal en procesos de certificaci\u00f3n de calidad . Asesor\u00eda permanente y visitas ilimitadas\",\"breadcrumb\":{\"@id\":\"https:\/\/americampc.com\/sitio\/servicio-tecnico-computadores-medellin\/#breadcrumb\"},\"inLanguage\":\"es\",\"potentialAction\":[{\"@type\":\"ReadAction\",\"target\":[\"https:\/\/americampc.com\/sitio\/servicio-tecnico-computadores-medellin\/\"]}]},{\"@type\":\"BreadcrumbList\",\"@id\":\"https:\/\/americampc.com\/sitio\/servicio-tecnico-computadores-medellin\/#breadcrumb\",\"itemListElement\":[{\"@type\":\"ListItem\",\"position\":1,\"name\":\"Portada\",\"item\":\"https:\/\/americampc.com\/sitio\/\"},{\"@type\":\"ListItem\",\"position\":2,\"name\":\"Servicio t\u00e9cnico computadores Medell\u00edn\"}]},{\"@type\":\"WebSite\",\"@id\":\"https:\/\/americampc.com\/sitio\/#website\",\"url\":\"https:\/\/americampc.com\/sitio\/\",\"name\":\"Americampc\",\"description\":\"Venta de computadores, partes y suministros, sistemas de vigilancia\",\"potentialAction\":[{\"@type\":\"SearchAction\",\"target\":{\"@type\":\"EntryPoint\",\"urlTemplate\":\"https:\/\/americampc.com\/sitio\/?s={search_term_string}\"},\"query-input\":\"required name=search_term_string\"}],\"inLanguage\":\"es\"}]}<\/script>\n<!-- \/ Yoast SEO plugin. -->","yoast_head_json":{"title":"Servicio tecnico computadores medellin","description":"Servicio tecnico computadores medellin programado para empresas. Ideal en procesos de certificaci\u00f3n de calidad . Asesor\u00eda permanente y visitas ilimitadas","robots":{"index":"index","follow":"follow","max-snippet":"max-snippet:-1","max-image-preview":"max-image-preview:large","max-video-preview":"max-video-preview:-1"},"canonical":"https:\/\/americampc.com\/sitio\/servicio-tecnico-computadores-medellin\/","og_locale":"es_ES","og_type":"article","og_title":"Servicio tecnico computadores medellin","og_description":"Servicio tecnico computadores medellin programado para empresas. Ideal en procesos de certificaci\u00f3n de calidad . Asesor\u00eda permanente y visitas ilimitadas","og_url":"https:\/\/americampc.com\/sitio\/servicio-tecnico-computadores-medellin\/","og_site_name":"Americampc","article_modified_time":"2023-08-03T17:37:21+00:00","twitter_card":"summary_large_image","twitter_misc":{"Tiempo de lectura":"2 minutos"},"schema":{"@context":"https:\/\/schema.org","@graph":[{"@type":"WebPage","@id":"https:\/\/americampc.com\/sitio\/servicio-tecnico-computadores-medellin\/","url":"https:\/\/americampc.com\/sitio\/servicio-tecnico-computadores-medellin\/","name":"Servicio tecnico computadores medellin","isPartOf":{"@id":"https:\/\/americampc.com\/sitio\/#website"},"datePublished":"2015-07-09T16:49:11+00:00","dateModified":"2023-08-03T17:37:21+00:00","description":"Servicio tecnico computadores medellin programado para empresas. Ideal en procesos de certificaci\u00f3n de calidad . Asesor\u00eda permanente y visitas ilimitadas","breadcrumb":{"@id":"https:\/\/americampc.com\/sitio\/servicio-tecnico-computadores-medellin\/#breadcrumb"},"inLanguage":"es","potentialAction":[{"@type":"ReadAction","target":["https:\/\/americampc.com\/sitio\/servicio-tecnico-computadores-medellin\/"]}]},{"@type":"BreadcrumbList","@id":"https:\/\/americampc.com\/sitio\/servicio-tecnico-computadores-medellin\/#breadcrumb","itemListElement":[{"@type":"ListItem","position":1,"name":"Portada","item":"https:\/\/americampc.com\/sitio\/"},{"@type":"ListItem","position":2,"name":"Servicio t\u00e9cnico computadores Medell\u00edn"}]},{"@type":"WebSite","@id":"https:\/\/americampc.com\/sitio\/#website","url":"https:\/\/americampc.com\/sitio\/","name":"Americampc","description":"Venta de computadores, partes y suministros, sistemas de vigilancia","potentialAction":[{"@type":"SearchAction","target":{"@type":"EntryPoint","urlTemplate":"https:\/\/americampc.com\/sitio\/?s={search_term_string}"},"query-input":"required name=search_term_string"}],"inLanguage":"es"}]}},"_links":{"self":[{"href":"https:\/\/americampc.com\/sitio\/wp-json\/wp\/v2\/pages\/42","targetHints":{"allow":["GET"]}}],"collection":[{"href":"https:\/\/americampc.com\/sitio\/wp-json\/wp\/v2\/pages"}],"about":[{"href":"https:\/\/americampc.com\/sitio\/wp-json\/wp\/v2\/types\/page"}],"author":[{"embeddable":true,"href":"https:\/\/americampc.com\/sitio\/wp-json\/wp\/v2\/users\/1"}],"replies":[{"embeddable":true,"href":"https:\/\/americampc.com\/sitio\/wp-json\/wp\/v2\/comments?post=42"}],"version-history":[{"count":15,"href":"https:\/\/americampc.com\/sitio\/wp-json\/wp\/v2\/pages\/42\/revisions"}],"predecessor-version":[{"id":174,"href":"https:\/\/americampc.com\/sitio\/wp-json\/wp\/v2\/pages\/42\/revisions\/174"}],"wp:attachment":[{"href":"https:\/\/americampc.com\/sitio\/wp-json\/wp\/v2\/media?parent=42"}],"curies":[{"name":"wp","href":"https:\/\/api.w.org\/{rel}","templated":true}]}}